{"id":146,"date":"2026-02-13T23:46:55","date_gmt":"2026-02-13T20:46:55","guid":{"rendered":"https:\/\/prohands.com.tr\/?page_id=146"},"modified":"2026-03-30T01:42:28","modified_gmt":"2026-03-29T22:42:28","slug":"klima-santrali-servisi","status":"publish","type":"page","link":"https:\/\/prohands.com.tr\/?page_id=146","title":{"rendered":"Klima Santrali Servisi"},"content":{"rendered":"\n<p>ASPRATOR MOD\u00dcLL\u00dc KARI\u015eIM HAVALI KL\u0130MA SANTRALLER\u0130<\/p>\n\n\n\n<figure class=\"wp-block-image size-full\"><img fetchpriority=\"high\" decoding=\"async\" width=\"605\" height=\"238\" src=\"https:\/\/prohands.com.tr\/wp-content\/uploads\/2026\/03\/image-4.jpeg\" alt=\"\" class=\"wp-image-546\" srcset=\"https:\/\/prohands.com.tr\/wp-content\/uploads\/2026\/03\/image-4.jpeg 605w, https:\/\/prohands.com.tr\/wp-content\/uploads\/2026\/03\/image-4-300x118.jpeg 300w\" sizes=\"(max-width: 605px) 100vw, 605px\" \/><\/figure>\n\n\n\n<figure class=\"wp-block-image size-full\"><img decoding=\"async\" width=\"605\" height=\"362\" src=\"https:\/\/prohands.com.tr\/wp-content\/uploads\/2026\/03\/image-5.jpeg\" alt=\"\" class=\"wp-image-547\" srcset=\"https:\/\/prohands.com.tr\/wp-content\/uploads\/2026\/03\/image-5.jpeg 605w, https:\/\/prohands.com.tr\/wp-content\/uploads\/2026\/03\/image-5-300x180.jpeg 300w\" sizes=\"(max-width: 605px) 100vw, 605px\" \/><\/figure>\n\n\n\n<p>KL\u0130MA SANTRAL\u0130 NED\u0130R VE NERELERDE KULLANILIR<\/p>\n\n\n\n<p>BU T\u0130P SANTRALLER C\u0130HAZA BA\u011eLANAN HAVALANDIRMA KANALLARI VASITASIYLA \u0130\u00c7 ORTAMDAN HAVAYI EMER VE \u0130\u00c7 ORTAMA \u015eARTLANDIRILMI\u015e HAVA G\u00d6NDER\u0130R\u0130LER.BU C\u0130HAZLAR 3 MODA SAH\u0130PT\u0130RLER.ISITMA-SO\u011eUTMA VEYA HAVALANDIRMA MODLARINDA \u00c7ALI\u015eTIRILIR.<\/p>\n\n\n\n<p>ISITMA MODUNDA \u0130\u00c7 ORTAMDAN \u00c7EKT\u0130\u011e\u0130 HAVAYI VE C\u0130HAZIN TAZE HAVA G\u0130R\u0130\u015e\u0130NDEK\u0130 HAVAYI SENS\u00d6RLER VASITASIYLA \u00d6L\u00c7ER VE C\u0130HAZIN KONTROL PANEL\u0130NDEN VER\u0130LEN SET DE\u011eER\u0130YLE KAR\u015eILA\u015eTIRIR.E\u011eER BU KAR\u015eILA\u015eTIRMA SONUCUNDA ISITMA \u0130HT\u0130YACI VAR \u0130SE KONTROL PANEL\u0130 ISITMA KAYNA\u011eINI DEVREYE ALIR.BU ISITMA KAYNA\u011eI B\u0130R SICAK SULU BATARYA,B\u0130R DI\u015e \u00dcN\u0130TE \u0130LE ISINAN DX BATARYA VEYA ELEKTR\u0130KL\u0130 RES\u0130STANS OLAB\u0130L\u0130R.<\/p>\n\n\n\n<p>SO\u011eUTMA MODUNDA \u0130\u00c7 ORTAMDAN \u00c7EKT\u0130\u011e\u0130 HAVAYI VE C\u0130HAZIN TAZE HAVA G\u0130R\u0130\u015e\u0130NDEK\u0130 HAVAYI SENS\u00d6RLER VASITASIYLA \u00d6L\u00c7ER VE C\u0130HAZIN KONTROL PANEL\u0130NDEN VER\u0130LEN SET DE\u011eER\u0130YLE KAR\u015eILA\u015eTIRIR.E\u011eER BU KAR\u015eILA\u015eTIRMA SONUCUNDA SO\u011eUTMA \u0130HT\u0130YACI VAR \u0130SE KONTROL PANEL\u0130 SO\u011eUTMA KAYNA\u011eINI DEVREYE ALIR.BU SO\u011eUTMA KAYNA\u011eI B\u0130R SO\u011eUK SULU BATARYA VEYA DI\u015e \u00dcN\u0130TE \u0130LE SO\u011eUTULAN B\u0130R DX BATARYA OLAB\u0130L\u0130R.<\/p>\n\n\n\n<p>HAVALANDIRMA MODUNDA,C\u0130HAZDA BULUNAN VANTILATOR VE ASPARTOR FANLARINI KONTROL PANEL\u0130NDEN VER\u0130LEN SICAKLIK \u0130Z\u0130NLER\u0130 KONTROL\u00dcNDE \u00c7ALI\u015eTIRIR.YAN\u0130 M\u00dcSAADE ED\u0130LEN ED\u0130LEN SICAKLIK NEM VEYA BASIN\u00c7 DE\u011eERLER\u0130 ARASINDA OLDU\u011eU S\u00dcRECE HERHANG\u0130 B\u0130R ISITMA VEYA SO\u011eUTMA VEYA NEM KAYNA\u011eINI DEVREYE ALMAZ.B\u00d6YLECE TASARRUF ED\u0130LM\u0130\u015e B\u0130R ORTAM KONFORU OU\u015eTURULUR.<\/p>\n\n\n\n<p>C\u0130HAZDA BULUNAN KARI\u015eIM HAVASI DAMPERLER\u0130 \u0130LE \u0130\u00c7 ORTAMA BASILAN HAVANIN KAL\u0130TES\u0130 OTOMAT\u0130K VEYA MANUEL AYARLANMAKTADIR.D\u00d6N\u00dc\u015e VE TAZE HAVA G\u0130R\u0130\u015e\u0130NE YERLE\u015eT\u0130R\u0130LEN HAVA KAL\u0130TE SENS\u00d6RLER\u0130 \u0130LE DAMPER POZ\u0130SYONUNU OTOMAT\u0130K OLARAK AYARLANARAK \u0130\u00c7ER\u0130DE S\u00dcREKL\u0130 HAVA KAL\u0130TES\u0130 Y\u00dcKSELT\u0130LM\u0130\u015e B\u0130R \u015eARTLANDIRMA SA\u011eLANILMAKTADIR.NEM KONTROLL\u00dc C\u0130HAZLAR \u0130\u00c7\u0130NDE AYNI METOD UYGULANMAKTADIR.KONTROL PANEL\u0130NDEN VER\u0130LEN NEM SET DE\u011eER\u0130NE G\u00d6RE HAR\u0130C\u0130 B\u0130R NEM KONTROL C\u0130HAZI NEM SENS\u00d6RLER\u0130NDEN GELEN VER\u0130LER DO\u011eRULTUSUNDA \u00c7ALI\u015eTIRILMAKTADIR.ASPRATOR MODULL\u00dc KL\u0130MA SANTARLALER\u0130NDE ISI GER\u0130 KAZANIM MOD\u00dcL\u00dc OLARAK TAMBURLU VEYA PLAKALI ISI GER\u0130 KAZANIM MOD\u00dcLLER\u0130 BULUNUR.C\u0130HAZIN \u015eARTLANDIRDI\u011eI ORTAMIN ISI,NEM,VE TAZE HAVA KONTROL\u00dc DI\u015eINDA FANLARIN \u0130\u00c7 ORTAMDA VE KANALLARDA OLU\u015eTURDU\u011eU BASIN\u00c7TA \u00d6NEML\u0130D\u0130R.BUNUN \u0130\u00c7\u0130N C\u0130HAZLARIN FANLARININ FREKANS KONTROL\u00dc \u0130LE DEV\u0130R KONTROLLER\u0130 YAPILMALIDIR.BUNUN \u0130\u00c7\u0130N BASMA VE D\u00d6N\u00dc\u015e KANALLARINA YERLE\u015eT\u0130R\u0130LEN BASIN\u00c7 VEYA HAVA HIZI SENS\u00d6RLER\u0130YLE C\u0130HAZIN \u00c7ALI\u015eMASI GEREKEN BASIN\u00c7 VE DEB\u0130 KONTROL\u00dc SA\u011eLANILMAKTADIR.C\u0130HAZDA KADEMEL\u0130 OLARAK HAVA F\u0130LTRELEME \u0130\u015eLEM\u0130 YAPILMAKTADIR.\u00d6N F\u0130LTRE D\u0130YE TAB\u0130R ETT\u0130\u011e\u0130M\u0130Z G4, TORBA F\u0130LTRE OLARAK TAB\u0130R ETT\u0130\u011e\u0130M\u0130Z F7 VE SON F\u0130LTRE OLARAK TAB\u0130R ETT\u0130\u011e\u0130M\u0130Z F9 F\u0130LTRELER BULUNMAKTADIR.C\u0130HAZIN \u00c7ALI\u015eMA KO\u015eULLARINA G\u00d6RE BU F\u0130LTRELER\u0130N ZAMANINDA 6 AY \u0130LA 1 YIL \u0130\u00c7ER\u0130S\u0130NDE DE\u011e\u0130\u015e\u0130MLER\u0130 SA\u011eLANMALIDIR.<\/p>\n\n\n\n<p>F\u0130RMAMIZDA ALANINDA YET\u0130\u015eM\u0130\u015e, PROFESYONEL ELLERLE YETK\u0130L\u0130 SERV\u0130S OLMAMAKLA B\u0130RL\u0130KTE \u00c7E\u015e\u0130TL\u0130 MARKA \u00dcRET\u0130C\u0130LER\u0130N (PROVENT, EGEVENT, \u00dcNTES, ROHS, KLS, LENNOX, TEKNOGEN, ALDA\u011e, FANT\u00dcRK, CARR\u0130ER, YORK, TRANE, \u0130MEKSAN, FANMAK, VENTAS, AIRBY, FANT\u00dcRK,&nbsp; G\u0130B\u0130 KL\u0130MA SANTRAL\u0130 \u00dcRET\u0130C\u0130LER\u0130N\u0130N) C\u0130HAZLARININ F\u0130LTRE, OTOMASYON, SENS\u00d6R, FAN, DAMPERLER VE MOTOR BAKIMI YAPILMAKTADIR.C\u0130HAZLARIN UZUN YILLAR SA\u011eLIKLI B\u0130R \u015eEK\u0130LDE H\u0130ZMET VERMES\u0130 \u0130\u00c7\u0130N GEREKL\u0130 BAKIMLAR VE TESTLER\u0130N YAPILMASI UNUTULMAMALIDIR.<\/p>\n","protected":false},"excerpt":{"rendered":"<p>ASPRATOR MOD\u00dcLL\u00dc KARI\u015eIM HAVALI KL\u0130MA SANTRALLER\u0130 KL\u0130MA SANTRAL\u0130 NED\u0130R VE NERELERDE KULLANILIR BU T\u0130P SANTRALLER C\u0130HAZA BA\u011eLANAN HAVALANDIRMA KANALLARI VASITASIYLA [&hellip;]<\/p>\n","protected":false},"author":1,"featured_media":0,"parent":0,"menu_order":0,"comment_status":"closed","ping_status":"closed","template":"","meta":{"site-sidebar-layout":"default","site-content-layout":"","ast-site-content-layout":"default","site-content-style":"default","site-sidebar-style":"default","ast-global-header-display":"","ast-banner-title-visibility":"","ast-main-header-display":"","ast-hfb-above-header-display":"","ast-hfb-below-header-display":"","ast-hfb-mobile-header-display":"","site-post-title":"","ast-breadcrumbs-content":"","ast-featured-img":"","footer-sml-layout":"","ast-disable-related-posts":"","theme-transparent-header-meta":"","adv-header-id-meta":"","stick-header-meta":"","header-above-stick-meta":"","header-main-stick-meta":"","header-below-stick-meta":"","astra-migrate-meta-layouts":"default","ast-page-background-enabled":"default","ast-page-background-meta":{"desktop":{"background-color":"var(--ast-global-color-5)","background-image":"","background-repeat":"repeat","background-position":"center center","background-size":"auto","background-attachment":"scroll","background-type":"","background-media":"","overlay-type":"","overlay-color":"","overlay-opacity":"","overlay-gradient":""},"tablet":{"background-color":"","background-image":"","background-repeat":"repeat","background-position":"center center","background-size":"auto","background-attachment":"scroll","background-type":"","background-media":"","overlay-type":"","overlay-color":"","overlay-opacity":"","overlay-gradient":""},"mobile":{"background-color":"","background-image":"","background-repeat":"repeat","background-position":"center center","background-size":"auto","background-attachment":"scroll","background-type":"","background-media":"","overlay-type":"","overlay-color":"","overlay-opacity":"","overlay-gradient":""}},"ast-content-background-meta":{"desktop":{"background-color":"var(--ast-global-color-4)","background-image":"","background-repeat":"repeat","background-position":"center center","background-size":"auto","background-attachment":"scroll","background-type":"","background-media":"","overlay-type":"","overlay-color":"","overlay-opacity":"","overlay-gradient":""},"tablet":{"background-color":"var(--ast-global-color-4)","background-image":"","background-repeat":"repeat","background-position":"center center","background-size":"auto","background-attachment":"scroll","background-type":"","background-media":"","overlay-type":"","overlay-color":"","overlay-opacity":"","overlay-gradient":""},"mobile":{"background-color":"var(--ast-global-color-4)","background-image":"","background-repeat":"repeat","background-position":"center center","background-size":"auto","background-attachment":"scroll","background-type":"","background-media":"","overlay-type":"","overlay-color":"","overlay-opacity":"","overlay-gradient":""}},"footnotes":""},"class_list":["post-146","page","type-page","status-publish","hentry"],"_links":{"self":[{"href":"https:\/\/prohands.com.tr\/index.php?rest_route=\/wp\/v2\/pages\/146","targetHints":{"allow":["GET"]}}],"collection":[{"href":"https:\/\/prohands.com.tr\/index.php?rest_route=\/wp\/v2\/pages"}],"about":[{"href":"https:\/\/prohands.com.tr\/index.php?rest_route=\/wp\/v2\/types\/page"}],"author":[{"embeddable":true,"href":"https:\/\/prohands.com.tr\/index.php?rest_route=\/wp\/v2\/users\/1"}],"replies":[{"embeddable":true,"href":"https:\/\/prohands.com.tr\/index.php?rest_route=%2Fwp%2Fv2%2Fcomments&post=146"}],"version-history":[{"count":5,"href":"https:\/\/prohands.com.tr\/index.php?rest_route=\/wp\/v2\/pages\/146\/revisions"}],"predecessor-version":[{"id":548,"href":"https:\/\/prohands.com.tr\/index.php?rest_route=\/wp\/v2\/pages\/146\/revisions\/548"}],"wp:attachment":[{"href":"https:\/\/prohands.com.tr\/index.php?rest_route=%2Fwp%2Fv2%2Fmedia&parent=146"}],"curies":[{"name":"wp","href":"https:\/\/api.w.org\/{rel}","templated":true}]}}