{"id":134,"date":"2026-02-14T00:01:00","date_gmt":"2026-02-13T21:01:00","guid":{"rendered":"https:\/\/prohands.com.tr\/?page_id=134"},"modified":"2026-03-30T00:43:50","modified_gmt":"2026-03-29T21:43:50","slug":"hizmetlerimiz","status":"publish","type":"page","link":"https:\/\/prohands.com.tr\/?page_id=134","title":{"rendered":"Hizmetlerimiz"},"content":{"rendered":"\t\t<div data-elementor-type=\"wp-page\" data-elementor-id=\"134\" class=\"elementor elementor-134\">\n\t\t\t\t<div class=\"elementor-element elementor-element-705080a e-flex e-con-boxed e-con e-parent\" data-id=\"705080a\" data-element_type=\"container\" data-e-type=\"container\">\n\t\t\t\t\t<div class=\"e-con-inner\">\n\t\t\t\t<div class=\"elementor-element elementor-element-5a72dbfd elementor-widget elementor-widget-text-editor\" data-id=\"5a72dbfd\" data-element_type=\"widget\" data-e-type=\"widget\" data-widget_type=\"text-editor.default\">\n\t\t\t\t\t\t\t\t\t<ul>\n<li>CH\u0130LLER S\u0130STEMLER\u0130 KURULUMU VE SERV\u0130S H\u0130ZMET\u0130<\/li>\n<li>HASSAS KL\u0130MA S\u0130STEMLER\u0130<\/li>\n<li>KURULUMU VE SERV\u0130S H\u0130ZMET\u0130<\/li>\n<li>KL\u0130MA SANTRAL\u0130 KURULUM VE SERV\u0130S H\u0130ZMET\u0130<\/li>\n<li>ISI GER\u0130 KAZANIM SANTRALLER\u0130 KURULUMU VE SERV\u0130S H\u0130ZMET\u0130<\/li>\n<li>ROOFTOP \u00c7ATI T\u0130P\u0130 KL\u0130MA S\u0130STEMLER\u0130 KURULUMU VE SERV\u0130S H\u0130ZMET\u0130<\/li>\n<li>HAVUZ NEM ALMA SANTRAL\u0130 KURULUMU VE SERV\u0130S H\u0130ZMET\u0130<\/li>\n<li>H\u0130JYEN\u0130K KLMA SANTARL\u0130 KURULUMU VE SERV\u0130S H\u0130ZMET\u0130<\/li>\n<li>VRF-VRV KURULUMU VE SERV\u0130S H\u0130ZMET\u0130<\/li>\n<li>ISI POMPASI KURULUMU VE SERV\u0130S H\u0130ZMET\u0130<\/li>\n<li>BAKIR TES\u0130SAT BORULAMA<\/li>\n<li>HVAC TES\u0130SAT KABLOLAMA<\/li>\n<\/ul>\t\t\t\t\t\t\t\t<\/div>\n\t\t\t\t\t<\/div>\n\t\t\t\t<\/div>\n\t\t\t\t<\/div>\n\t\t","protected":false},"excerpt":{"rendered":"<p>CH\u0130LLER S\u0130STEMLER\u0130 KURULUMU VE SERV\u0130S H\u0130ZMET\u0130 HASSAS KL\u0130MA S\u0130STEMLER\u0130 KURULUMU VE SERV\u0130S H\u0130ZMET\u0130 KL\u0130MA SANTRAL\u0130 KURULUM VE SERV\u0130S H\u0130ZMET\u0130 ISI [&hellip;]<\/p>\n","protected":false},"author":1,"featured_media":0,"parent":0,"menu_order":0,"comment_status":"closed","ping_status":"closed","template":"","meta":{"site-sidebar-layout":"default","site-content-layout":"","ast-site-content-layout":"default","site-content-style":"default","site-sidebar-style":"default","ast-global-header-display":"","ast-banner-title-visibility":"","ast-main-header-display":"","ast-hfb-above-header-display":"","ast-hfb-below-header-display":"","ast-hfb-mobile-header-display":"","site-post-title":"","ast-breadcrumbs-content":"","ast-featured-img":"","footer-sml-layout":"","ast-disable-related-posts":"","theme-transparent-header-meta":"","adv-header-id-meta":"","stick-header-meta":"","header-above-stick-meta":"","header-main-stick-meta":"","header-below-stick-meta":"","astra-migrate-meta-layouts":"default","ast-page-background-enabled":"default","ast-page-background-meta":{"desktop":{"background-color":"var(--ast-global-color-5)","background-image":"","background-repeat":"repeat","background-position":"center center","background-size":"auto","background-attachment":"scroll","background-type":"","background-media":"","overlay-type":"","overlay-color":"","overlay-opacity":"","overlay-gradient":""},"tablet":{"background-color":"","background-image":"","background-repeat":"repeat","background-position":"center center","background-size":"auto","background-attachment":"scroll","background-type":"","background-media":"","overlay-type":"","overlay-color":"","overlay-opacity":"","overlay-gradient":""},"mobile":{"background-color":"","background-image":"","background-repeat":"repeat","background-position":"center center","background-size":"auto","background-attachment":"scroll","background-type":"","background-media":"","overlay-type":"","overlay-color":"","overlay-opacity":"","overlay-gradient":""}},"ast-content-background-meta":{"desktop":{"background-color":"var(--ast-global-color-4)","background-image":"","background-repeat":"repeat","background-position":"center center","background-size":"auto","background-attachment":"scroll","background-type":"","background-media":"","overlay-type":"","overlay-color":"","overlay-opacity":"","overlay-gradient":""},"tablet":{"background-color":"var(--ast-global-color-4)","background-image":"","background-repeat":"repeat","background-position":"center center","background-size":"auto","background-attachment":"scroll","background-type":"","background-media":"","overlay-type":"","overlay-color":"","overlay-opacity":"","overlay-gradient":""},"mobile":{"background-color":"var(--ast-global-color-4)","background-image":"","background-repeat":"repeat","background-position":"center center","background-size":"auto","background-attachment":"scroll","background-type":"","background-media":"","overlay-type":"","overlay-color":"","overlay-opacity":"","overlay-gradient":""}},"footnotes":""},"class_list":["post-134","page","type-page","status-publish","hentry"],"_links":{"self":[{"href":"https:\/\/prohands.com.tr\/index.php?rest_route=\/wp\/v2\/pages\/134","targetHints":{"allow":["GET"]}}],"collection":[{"href":"https:\/\/prohands.com.tr\/index.php?rest_route=\/wp\/v2\/pages"}],"about":[{"href":"https:\/\/prohands.com.tr\/index.php?rest_route=\/wp\/v2\/types\/page"}],"author":[{"embeddable":true,"href":"https:\/\/prohands.com.tr\/index.php?rest_route=\/wp\/v2\/users\/1"}],"replies":[{"embeddable":true,"href":"https:\/\/prohands.com.tr\/index.php?rest_route=%2Fwp%2Fv2%2Fcomments&post=134"}],"version-history":[{"count":15,"href":"https:\/\/prohands.com.tr\/index.php?rest_route=\/wp\/v2\/pages\/134\/revisions"}],"predecessor-version":[{"id":503,"href":"https:\/\/prohands.com.tr\/index.php?rest_route=\/wp\/v2\/pages\/134\/revisions\/503"}],"wp:attachment":[{"href":"https:\/\/prohands.com.tr\/index.php?rest_route=%2Fwp%2Fv2%2Fmedia&parent=134"}],"curies":[{"name":"wp","href":"https:\/\/api.w.org\/{rel}","templated":true}]}}